{"id":2,"date":"2025-08-04T08:47:34","date_gmt":"2025-08-04T08:47:34","guid":{"rendered":"https:\/\/huidobromaquinaria.rkinformatika.online\/?page_id=2"},"modified":"2025-08-04T12:32:12","modified_gmt":"2025-08-04T12:32:12","slug":"inicio","status":"publish","type":"page","link":"https:\/\/huidobromaquinaria.com\/eu\/","title":{"rendered":"Hasiera"},"content":{"rendered":"\t\t<div data-elementor-type=\"wp-page\" data-elementor-id=\"2\" class=\"elementor elementor-2\" data-elementor-post-type=\"page\">\n\t\t\t\t<div class=\"elementor-element elementor-element-373f0f5 e-con-full e-flex elementor-invisible e-con e-parent\" data-id=\"373f0f5\" data-element_type=\"container\" data-e-type=\"container\" data-settings=\"{&quot;background_background&quot;:&quot;classic&quot;,&quot;background_motion_fx_motion_fx_scrolling&quot;:&quot;yes&quot;,&quot;animation&quot;:&quot;fadeIn&quot;,&quot;background_motion_fx_devices&quot;:[&quot;desktop&quot;,&quot;tablet&quot;,&quot;mobile&quot;]}\">\n\t\t<div class=\"elementor-element elementor-element-caeb5f5 e-flex e-con-boxed e-con e-child\" data-id=\"caeb5f5\" data-element_type=\"container\" data-e-type=\"container\">\n\t\t\t\t\t<div class=\"e-con-inner\">\n\t\t\t\t<div class=\"elementor-element elementor-element-eac4142 animated-slow elementor-widget__width-initial elementor-invisible elementor-widget elementor-widget-heading\" data-id=\"eac4142\" data-element_type=\"widget\" data-e-type=\"widget\" data-settings=\"{&quot;_animation&quot;:&quot;fadeInDown&quot;}\" data-widget_type=\"heading.default\">\n\t\t\t\t\t<h1 class=\"elementor-heading-title elementor-size-default\">Huidobro Maquinaria\n<\/h1>\t\t\t\t<\/div>\n\t\t\t\t<div class=\"elementor-element elementor-element-8242f74 animated-slow elementor-widget__width-initial elementor-invisible elementor-widget elementor-widget-heading\" data-id=\"8242f74\" data-element_type=\"widget\" data-e-type=\"widget\" data-settings=\"{&quot;_animation&quot;:&quot;fadeInUp&quot;}\" data-widget_type=\"heading.default\">\n\t\t\t\t\t<h2 class=\"elementor-heading-title elementor-size-default\">Compraventa de maquinaria<\/h2>\t\t\t\t<\/div>\n\t\t\t\t\t<\/div>\n\t\t\t\t<\/div>\n\t\t\t\t<\/div>\n\t\t<div class=\"elementor-element elementor-element-84518f6 e-flex e-con-boxed e-con e-parent\" data-id=\"84518f6\" data-element_type=\"container\" data-e-type=\"container\">\n\t\t\t\t\t<div class=\"e-con-inner\">\n\t\t<div class=\"elementor-element elementor-element-933595d e-con-full e-flex elementor-invisible e-con e-child\" data-id=\"933595d\" data-element_type=\"container\" data-e-type=\"container\" data-settings=\"{&quot;animation&quot;:&quot;fadeInLeft&quot;}\">\n\t\t<div class=\"elementor-element elementor-element-986d851 e-con-full e-flex e-con e-child\" data-id=\"986d851\" data-element_type=\"container\" data-e-type=\"container\">\n\t\t\t\t<div class=\"elementor-element elementor-element-5154fab elementor-widget elementor-widget-heading\" data-id=\"5154fab\" data-element_type=\"widget\" data-e-type=\"widget\" data-widget_type=\"heading.default\">\n\t\t\t\t\t<h2 class=\"elementor-heading-title elementor-size-default\">Qui\u00e9nes somos<\/h2>\t\t\t\t<\/div>\n\t\t\t\t<div class=\"elementor-element elementor-element-4f1c770 elementor-widget-mobile__width-initial elementor-widget elementor-widget-text-editor\" data-id=\"4f1c770\" data-element_type=\"widget\" data-e-type=\"widget\" data-widget_type=\"text-editor.default\">\n\t\t\t\t\t\t\t\t\t<p data-start=\"182\" data-end=\"529\">Nos dedicamos a la compraventa de maquinaria de obra p\u00fablica e industrial, con m\u00e1s de 20 a\u00f1os de experiencia en el sector. Nuestra actividad se centra en la adquisici\u00f3n y comercializaci\u00f3n de maquinaria procedente de concursos de acreedores, embargos y subastas, lo que nos permite ofrecer equipos de calidad a precios muy competitivos.<\/p>\n<p data-start=\"531\" data-end=\"683\">Gracias a nuestra trayectoria y conocimiento del mercado, proporcionamos a nuestros clientes soluciones eficaces, fiables y adaptadas a sus necesidades.<\/p>\n<p data-start=\"685\" data-end=\"891\">Adem\u00e1s, somos distribuidores oficiales en la zona norte de los martillos hidr\u00e1ulicos Beilite, una marca reconocida por su robustez, eficiencia y excelente rendimiento en todo tipo de trabajos exigentes.<\/p>\t\t\t\t\t\t\t\t<\/div>\n\t\t\t\t<\/div>\n\t\t\t\t<\/div>\n\t\t<div class=\"elementor-element elementor-element-388aec4 e-con-full e-flex elementor-invisible e-con e-child\" data-id=\"388aec4\" data-element_type=\"container\" data-e-type=\"container\" data-settings=\"{&quot;animation&quot;:&quot;fadeInRight&quot;}\">\n\t\t\t\t<div class=\"elementor-element elementor-element-10eb9ec elementor-widget elementor-widget-image\" data-id=\"10eb9ec\" data-element_type=\"widget\" data-e-type=\"widget\" data-widget_type=\"image.default\">\n\t\t\t\t\t\t\t\t\t\t\t\t\t\t\t<img fetchpriority=\"high\" decoding=\"async\" width=\"1024\" height=\"604\" src=\"https:\/\/huidobromaquinaria.com\/wp-content\/uploads\/2025\/08\/WhatsApp-Image-2025-06-12-at-11.43.44-2.jpeg\" class=\"attachment-full size-full wp-image-205\" alt=\"\" srcset=\"https:\/\/huidobromaquinaria.com\/wp-content\/uploads\/2025\/08\/WhatsApp-Image-2025-06-12-at-11.43.44-2.jpeg 1024w, https:\/\/huidobromaquinaria.com\/wp-content\/uploads\/2025\/08\/WhatsApp-Image-2025-06-12-at-11.43.44-2-300x177.jpeg 300w, https:\/\/huidobromaquinaria.com\/wp-content\/uploads\/2025\/08\/WhatsApp-Image-2025-06-12-at-11.43.44-2-768x453.jpeg 768w, https:\/\/huidobromaquinaria.com\/wp-content\/uploads\/2025\/08\/WhatsApp-Image-2025-06-12-at-11.43.44-2-18x12.jpeg 18w\" sizes=\"(max-width: 1024px) 100vw, 1024px\" \/>\t\t\t\t\t\t\t\t\t\t\t\t\t\t\t<\/div>\n\t\t\t\t<\/div>\n\t\t\t\t\t<\/div>\n\t\t\t\t<\/div>\n\t\t<div class=\"elementor-element elementor-element-1605284 e-con-full e-flex elementor-invisible e-con e-parent\" data-id=\"1605284\" data-element_type=\"container\" data-e-type=\"container\" data-settings=\"{&quot;background_background&quot;:&quot;classic&quot;,&quot;background_motion_fx_motion_fx_scrolling&quot;:&quot;yes&quot;,&quot;animation&quot;:&quot;fadeIn&quot;,&quot;background_motion_fx_devices&quot;:[&quot;desktop&quot;,&quot;tablet&quot;,&quot;mobile&quot;]}\">\n\t\t<div class=\"elementor-element elementor-element-ad10533 e-flex e-con-boxed e-con e-child\" data-id=\"ad10533\" data-element_type=\"container\" data-e-type=\"container\">\n\t\t\t\t\t<div class=\"e-con-inner\">\n\t\t\t\t<div class=\"elementor-element elementor-element-e5e394b animated-slow elementor-widget__width-initial elementor-invisible elementor-widget elementor-widget-heading\" data-id=\"e5e394b\" data-element_type=\"widget\" data-e-type=\"widget\" data-settings=\"{&quot;_animation&quot;:&quot;fadeInDown&quot;}\" data-widget_type=\"heading.default\">\n\t\t\t\t\t<h2 class=\"elementor-heading-title elementor-size-default\"><a href=\"https:\/\/huidobromaquinaria.com\/servicios\/\">NO SOLO VENDEMOS M\u00c1QUINAS, MANTENEMOS EN MARCHA TU NEGOCIO<\/a><\/h2>\t\t\t\t<\/div>\n\t\t\t\t\t<\/div>\n\t\t\t\t<\/div>\n\t\t\t\t<div class=\"elementor-element elementor-element-8aae598 elementor-align-center animated-slow elementor-invisible elementor-widget elementor-widget-button\" data-id=\"8aae598\" data-element_type=\"widget\" data-e-type=\"widget\" data-settings=\"{&quot;_animation&quot;:&quot;fadeInLeft&quot;}\" data-widget_type=\"button.default\">\n\t\t\t\t\t\t\t\t\t\t<a class=\"elementor-button elementor-button-link elementor-size-sm\" href=\"https:\/\/huidobromaquinaria.com\/servicios\/\">\n\t\t\t\t\t\t<span class=\"elementor-button-content-wrapper\">\n\t\t\t\t\t\t\t\t\t<span class=\"elementor-button-text\">VER SERVICIOS<\/span>\n\t\t\t\t\t<\/span>\n\t\t\t\t\t<\/a>\n\t\t\t\t\t\t\t\t<\/div>\n\t\t\t\t<\/div>\n\t\t\t\t<\/div>\n\t\t","protected":false},"excerpt":{"rendered":"<p>Huidobro Maquinaria Compraventa de maquinaria Qui\u00e9nes somos Nos dedicamos a la compraventa de maquinaria de obra p\u00fablica e industrial, con m\u00e1s de 20 a\u00f1os de experiencia en el sector. Nuestra actividad se centra en la adquisici\u00f3n y comercializaci\u00f3n de maquinaria procedente de concursos de acreedores, embargos y subastas, lo que nos permite ofrecer equipos de [&hellip;]<\/p>\n","protected":false},"author":1,"featured_media":0,"parent":0,"menu_order":0,"comment_status":"closed","ping_status":"closed","template":"elementor_canvas","meta":{"footnotes":""},"class_list":["post-2","page","type-page","status-publish","hentry"],"yoast_head":"<!-- This site is optimized with the Yoast SEO plugin v27.3 - https:\/\/yoast.com\/product\/yoast-seo-wordpress\/ -->\n<title>Inicio - Huidobro Maquinaria<\/title>\n<meta name=\"robots\" content=\"index, follow, max-snippet:-1, max-image-preview:large, max-video-preview:-1\" \/>\n<link rel=\"canonical\" href=\"https:\/\/huidobromaquinaria.com\/eu\/\" \/>\n<meta property=\"og:locale\" content=\"en_US\" \/>\n<meta property=\"og:type\" content=\"article\" \/>\n<meta property=\"og:title\" content=\"Inicio - Huidobro Maquinaria\" \/>\n<meta property=\"og:description\" content=\"Huidobro Maquinaria Compraventa de maquinaria Qui\u00e9nes somos Nos dedicamos a la compraventa de maquinaria de obra p\u00fablica e industrial, con m\u00e1s de 20 a\u00f1os de experiencia en el sector. Nuestra actividad se centra en la adquisici\u00f3n y comercializaci\u00f3n de maquinaria procedente de concursos de acreedores, embargos y subastas, lo que nos permite ofrecer equipos de [&hellip;]\" \/>\n<meta property=\"og:url\" content=\"https:\/\/huidobromaquinaria.com\/eu\/\" \/>\n<meta property=\"og:site_name\" content=\"Huidobro Maquinaria\" \/>\n<meta property=\"article:modified_time\" content=\"2025-08-04T12:32:12+00:00\" \/>\n<meta property=\"og:image\" content=\"https:\/\/huidobromaquinaria.com\/wp-content\/uploads\/2025\/08\/WhatsApp-Image-2025-06-12-at-11.43.44-2.jpeg\" \/>\n<meta name=\"twitter:card\" content=\"summary_large_image\" \/>\n<meta name=\"twitter:label1\" content=\"Est. reading time\" \/>\n\t<meta name=\"twitter:data1\" content=\"1 minutua\" \/>\n<script type=\"application\/ld+json\" class=\"yoast-schema-graph\">{\"@context\":\"https:\\\/\\\/schema.org\",\"@graph\":[{\"@type\":\"WebPage\",\"@id\":\"https:\\\/\\\/huidobromaquinaria.com\\\/\",\"url\":\"https:\\\/\\\/huidobromaquinaria.com\\\/\",\"name\":\"Inicio - Huidobro Maquinaria\",\"isPartOf\":{\"@id\":\"https:\\\/\\\/huidobromaquinaria.com\\\/#website\"},\"primaryImageOfPage\":{\"@id\":\"https:\\\/\\\/huidobromaquinaria.com\\\/#primaryimage\"},\"image\":{\"@id\":\"https:\\\/\\\/huidobromaquinaria.com\\\/#primaryimage\"},\"thumbnailUrl\":\"https:\\\/\\\/huidobromaquinaria.com\\\/wp-content\\\/uploads\\\/2025\\\/08\\\/WhatsApp-Image-2025-06-12-at-11.43.44-2.jpeg\",\"datePublished\":\"2025-08-04T08:47:34+00:00\",\"dateModified\":\"2025-08-04T12:32:12+00:00\",\"breadcrumb\":{\"@id\":\"https:\\\/\\\/huidobromaquinaria.com\\\/#breadcrumb\"},\"inLanguage\":\"eu\",\"potentialAction\":[{\"@type\":\"ReadAction\",\"target\":[\"https:\\\/\\\/huidobromaquinaria.com\\\/\"]}]},{\"@type\":\"ImageObject\",\"inLanguage\":\"eu\",\"@id\":\"https:\\\/\\\/huidobromaquinaria.com\\\/#primaryimage\",\"url\":\"https:\\\/\\\/huidobromaquinaria.com\\\/wp-content\\\/uploads\\\/2025\\\/08\\\/WhatsApp-Image-2025-06-12-at-11.43.44-2.jpeg\",\"contentUrl\":\"https:\\\/\\\/huidobromaquinaria.com\\\/wp-content\\\/uploads\\\/2025\\\/08\\\/WhatsApp-Image-2025-06-12-at-11.43.44-2.jpeg\"},{\"@type\":\"BreadcrumbList\",\"@id\":\"https:\\\/\\\/huidobromaquinaria.com\\\/#breadcrumb\",\"itemListElement\":[{\"@type\":\"ListItem\",\"position\":1,\"name\":\"Portada\",\"item\":\"https:\\\/\\\/huidobromaquinaria.com\\\/\"},{\"@type\":\"ListItem\",\"position\":2,\"name\":\"Inicio\"}]},{\"@type\":\"WebSite\",\"@id\":\"https:\\\/\\\/huidobromaquinaria.com\\\/#website\",\"url\":\"https:\\\/\\\/huidobromaquinaria.com\\\/\",\"name\":\"Huidobro Maquinaria\",\"description\":\"Compraventa de maquinaria de obra p\u00fablica y maquinaria industrial procedente de concurso acreedores embargos subastas. \",\"publisher\":{\"@id\":\"https:\\\/\\\/huidobromaquinaria.com\\\/#organization\"},\"potentialAction\":[{\"@type\":\"SearchAction\",\"target\":{\"@type\":\"EntryPoint\",\"urlTemplate\":\"https:\\\/\\\/huidobromaquinaria.com\\\/?s={search_term_string}\"},\"query-input\":{\"@type\":\"PropertyValueSpecification\",\"valueRequired\":true,\"valueName\":\"search_term_string\"}}],\"inLanguage\":\"eu\"},{\"@type\":\"Organization\",\"@id\":\"https:\\\/\\\/huidobromaquinaria.com\\\/#organization\",\"name\":\"Huidobro Maquinaria\",\"url\":\"https:\\\/\\\/huidobromaquinaria.com\\\/\",\"logo\":{\"@type\":\"ImageObject\",\"inLanguage\":\"eu\",\"@id\":\"https:\\\/\\\/huidobromaquinaria.com\\\/#\\\/schema\\\/logo\\\/image\\\/\",\"url\":\"https:\\\/\\\/huidobromaquinaria.com\\\/wp-content\\\/uploads\\\/2025\\\/08\\\/cropped-logo.png\",\"contentUrl\":\"https:\\\/\\\/huidobromaquinaria.com\\\/wp-content\\\/uploads\\\/2025\\\/08\\\/cropped-logo.png\",\"width\":500,\"height\":500,\"caption\":\"Huidobro Maquinaria\"},\"image\":{\"@id\":\"https:\\\/\\\/huidobromaquinaria.com\\\/#\\\/schema\\\/logo\\\/image\\\/\"}}]}<\/script>\n<!-- \/ Yoast SEO plugin. -->","yoast_head_json":{"title":"Inicio - Huidobro Maquinaria","robots":{"index":"index","follow":"follow","max-snippet":"max-snippet:-1","max-image-preview":"max-image-preview:large","max-video-preview":"max-video-preview:-1"},"canonical":"https:\/\/huidobromaquinaria.com\/eu\/","og_locale":"en_US","og_type":"article","og_title":"Inicio - Huidobro Maquinaria","og_description":"Huidobro Maquinaria Compraventa de maquinaria Qui\u00e9nes somos Nos dedicamos a la compraventa de maquinaria de obra p\u00fablica e industrial, con m\u00e1s de 20 a\u00f1os de experiencia en el sector. Nuestra actividad se centra en la adquisici\u00f3n y comercializaci\u00f3n de maquinaria procedente de concursos de acreedores, embargos y subastas, lo que nos permite ofrecer equipos de [&hellip;]","og_url":"https:\/\/huidobromaquinaria.com\/eu\/","og_site_name":"Huidobro Maquinaria","article_modified_time":"2025-08-04T12:32:12+00:00","og_image":[{"url":"https:\/\/huidobromaquinaria.com\/wp-content\/uploads\/2025\/08\/WhatsApp-Image-2025-06-12-at-11.43.44-2.jpeg","type":"","width":"","height":""}],"twitter_card":"summary_large_image","twitter_misc":{"Est. reading time":"1 minutua"},"schema":{"@context":"https:\/\/schema.org","@graph":[{"@type":"WebPage","@id":"https:\/\/huidobromaquinaria.com\/","url":"https:\/\/huidobromaquinaria.com\/","name":"Inicio - Huidobro Maquinaria","isPartOf":{"@id":"https:\/\/huidobromaquinaria.com\/#website"},"primaryImageOfPage":{"@id":"https:\/\/huidobromaquinaria.com\/#primaryimage"},"image":{"@id":"https:\/\/huidobromaquinaria.com\/#primaryimage"},"thumbnailUrl":"https:\/\/huidobromaquinaria.com\/wp-content\/uploads\/2025\/08\/WhatsApp-Image-2025-06-12-at-11.43.44-2.jpeg","datePublished":"2025-08-04T08:47:34+00:00","dateModified":"2025-08-04T12:32:12+00:00","breadcrumb":{"@id":"https:\/\/huidobromaquinaria.com\/#breadcrumb"},"inLanguage":"eu","potentialAction":[{"@type":"ReadAction","target":["https:\/\/huidobromaquinaria.com\/"]}]},{"@type":"ImageObject","inLanguage":"eu","@id":"https:\/\/huidobromaquinaria.com\/#primaryimage","url":"https:\/\/huidobromaquinaria.com\/wp-content\/uploads\/2025\/08\/WhatsApp-Image-2025-06-12-at-11.43.44-2.jpeg","contentUrl":"https:\/\/huidobromaquinaria.com\/wp-content\/uploads\/2025\/08\/WhatsApp-Image-2025-06-12-at-11.43.44-2.jpeg"},{"@type":"BreadcrumbList","@id":"https:\/\/huidobromaquinaria.com\/#breadcrumb","itemListElement":[{"@type":"ListItem","position":1,"name":"Portada","item":"https:\/\/huidobromaquinaria.com\/"},{"@type":"ListItem","position":2,"name":"Inicio"}]},{"@type":"WebSite","@id":"https:\/\/huidobromaquinaria.com\/#website","url":"https:\/\/huidobromaquinaria.com\/","name":"Huidobro Maquinaria","description":"Compraventa de maquinaria de obra p\u00fablica y maquinaria industrial procedente de concurso acreedores embargos subastas.","publisher":{"@id":"https:\/\/huidobromaquinaria.com\/#organization"},"potentialAction":[{"@type":"SearchAction","target":{"@type":"EntryPoint","urlTemplate":"https:\/\/huidobromaquinaria.com\/?s={search_term_string}"},"query-input":{"@type":"PropertyValueSpecification","valueRequired":true,"valueName":"search_term_string"}}],"inLanguage":"eu"},{"@type":"Organization","@id":"https:\/\/huidobromaquinaria.com\/#organization","name":"Huidobro Maquinaria","url":"https:\/\/huidobromaquinaria.com\/","logo":{"@type":"ImageObject","inLanguage":"eu","@id":"https:\/\/huidobromaquinaria.com\/#\/schema\/logo\/image\/","url":"https:\/\/huidobromaquinaria.com\/wp-content\/uploads\/2025\/08\/cropped-logo.png","contentUrl":"https:\/\/huidobromaquinaria.com\/wp-content\/uploads\/2025\/08\/cropped-logo.png","width":500,"height":500,"caption":"Huidobro Maquinaria"},"image":{"@id":"https:\/\/huidobromaquinaria.com\/#\/schema\/logo\/image\/"}}]}},"_links":{"self":[{"href":"https:\/\/huidobromaquinaria.com\/eu\/wp-json\/wp\/v2\/pages\/2","targetHints":{"allow":["GET"]}}],"collection":[{"href":"https:\/\/huidobromaquinaria.com\/eu\/wp-json\/wp\/v2\/pages"}],"about":[{"href":"https:\/\/huidobromaquinaria.com\/eu\/wp-json\/wp\/v2\/types\/page"}],"author":[{"embeddable":true,"href":"https:\/\/huidobromaquinaria.com\/eu\/wp-json\/wp\/v2\/users\/1"}],"replies":[{"embeddable":true,"href":"https:\/\/huidobromaquinaria.com\/eu\/wp-json\/wp\/v2\/comments?post=2"}],"version-history":[{"count":61,"href":"https:\/\/huidobromaquinaria.com\/eu\/wp-json\/wp\/v2\/pages\/2\/revisions"}],"predecessor-version":[{"id":379,"href":"https:\/\/huidobromaquinaria.com\/eu\/wp-json\/wp\/v2\/pages\/2\/revisions\/379"}],"wp:attachment":[{"href":"https:\/\/huidobromaquinaria.com\/eu\/wp-json\/wp\/v2\/media?parent=2"}],"curies":[{"name":"wp","href":"https:\/\/api.w.org\/{rel}","templated":true}]}}